{"id":35,"date":"2026-01-30T09:35:03","date_gmt":"2026-01-30T09:35:03","guid":{"rendered":"https:\/\/unidig.se\/startsida\/"},"modified":"2026-02-08T21:50:47","modified_gmt":"2026-02-08T21:50:47","slug":"startsida","status":"publish","type":"page","link":"https:\/\/unidig.se\/en\/","title":{"rendered":"Startsida"},"content":{"rendered":"<div class=\"wp-block-group alignfull hero-section has-global-padding is-layout-constrained wp-container-core-group-is-layout-e0837473 wp-block-group-is-layout-constrained\" style=\"padding-top:var(--wp--preset--spacing--90);padding-bottom:var(--wp--preset--spacing--90)\">\n<figure class=\"wp-block-image size-full hero-illustration\"><img decoding=\"async\" src=\"https:\/\/unidig.se\/wp-content\/themes\/unidig-theme\/assets\/images\/hero-background.png\" alt=\"38 l\u00e4ros\u00e4ten\"\/><\/figure>\n\n\n\n<h1 class=\"wp-block-heading hero-heading has-hero-font-size\" style=\"line-height:1.1\">Together for a stronger digital future in higher education and research.<\/h1>\n<\/div>\n\n\n\n<div class=\"wp-block-group alignfull about-section has-white-background-color has-background has-global-padding is-layout-constrained wp-container-core-group-is-layout-ae50a16b wp-block-group-is-layout-constrained\" style=\"padding-top:var(--wp--preset--spacing--80);padding-bottom:var(--wp--preset--spacing--80)\">\n<h2 class=\"wp-block-heading has-text-align-center has-heading-2-font-size\">UniDig<\/h2>\n\n\n\n<hr class=\"wp-block-separator has-alpha-channel-opacity is-style-unidig-accent\"\/>\n\n\n\n<p class=\"has-text-align-center\">UniDig brings Sweden\u2019s higher education institutions together to shape strategic digital development. Through coordination, shared priorities and a collective voice nationally and internationally, we enable quality, efficiency and sustainable long-term governance in higher education and research.<\/p>\n\n\n\n<div style=\"height:1.5rem\" aria-hidden=\"true\" class=\"wp-block-spacer\"><\/div>\n\n\n\n<div class=\"wp-block-buttons is-content-justification-center is-layout-flex wp-container-core-buttons-is-layout-a89b3969 wp-block-buttons-is-layout-flex\">\n<div class=\"wp-block-button\"><a class=\"wp-block-button__link has-white-color has-primary-background-color has-text-color has-background wp-element-button\" href=\"https:\/\/unidig.se\/en\/om\/\" style=\"padding-top:var(--wp--preset--spacing--30);padding-right:var(--wp--preset--spacing--50);padding-bottom:var(--wp--preset--spacing--30);padding-left:var(--wp--preset--spacing--50)\">Read more<\/a><\/div>\n<\/div>\n<\/div>","protected":false},"excerpt":{"rendered":"<p>Gemensamt tillsammans mot en starkare digital framtid f\u00f6r h\u00f6gre utbildning och forskning. UniDig UniDig samlar Sveriges l\u00e4ros\u00e4ten f\u00f6r gemensamma strategiska v\u00e4gval inom digital utveckling. Genom samordning, gemensam prioritering och en samlad r\u00f6st nationellt och internationellt skapar vi b\u00e4ttre f\u00f6ruts\u00e4ttningar f\u00f6r kvalitet, effektivitet och l\u00e5ngsiktig r\u00e5dighet inom h\u00f6gre utbildning och forskning.<\/p>","protected":false},"author":2,"featured_media":0,"parent":0,"menu_order":0,"comment_status":"closed","ping_status":"closed","template":"","meta":{"footnotes":""},"class_list":["post-35","page","type-page","status-publish","hentry"],"_links":{"self":[{"href":"https:\/\/unidig.se\/en\/wp-json\/wp\/v2\/pages\/35","targetHints":{"allow":["GET"]}}],"collection":[{"href":"https:\/\/unidig.se\/en\/wp-json\/wp\/v2\/pages"}],"about":[{"href":"https:\/\/unidig.se\/en\/wp-json\/wp\/v2\/types\/page"}],"author":[{"embeddable":true,"href":"https:\/\/unidig.se\/en\/wp-json\/wp\/v2\/users\/2"}],"replies":[{"embeddable":true,"href":"https:\/\/unidig.se\/en\/wp-json\/wp\/v2\/comments?post=35"}],"version-history":[{"count":6,"href":"https:\/\/unidig.se\/en\/wp-json\/wp\/v2\/pages\/35\/revisions"}],"predecessor-version":[{"id":2151,"href":"https:\/\/unidig.se\/en\/wp-json\/wp\/v2\/pages\/35\/revisions\/2151"}],"wp:attachment":[{"href":"https:\/\/unidig.se\/en\/wp-json\/wp\/v2\/media?parent=35"}],"curies":[{"name":"wp","href":"https:\/\/api.w.org\/{rel}","templated":true}]}}