{"id":34,"date":"2026-01-30T09:35:02","date_gmt":"2026-01-30T09:35:02","guid":{"rendered":"https:\/\/unidig.se\/om\/"},"modified":"2026-02-04T00:21:43","modified_gmt":"2026-02-04T00:21:43","slug":"om","status":"publish","type":"page","link":"https:\/\/unidig.se\/en\/om\/","title":{"rendered":"About UniDig"},"content":{"rendered":"<p>UniDig is a consortium of 38 higher education institutions working together to better harness the opportunities of digitalisation through strategic decision-making and by identifying and prioritising areas that are best addressed jointly.\nUniDig serves as the collective voice of the institutions at national and international levels on shared digital infrastructure issues. The consortium also aims, over time, to establish a delivery organisation capable of providing joint, in-demand services.<\/p>","protected":false},"excerpt":{"rendered":"<p>UniDig \u00e4r en sammanslutning av 38 l\u00e4ros\u00e4ten som samarbetar f\u00f6r att b\u00e4ttre tillvarata digitaliseringens m\u00f6jligheter genom strategiska st\u00e4llningstaganden och att identifiera och prioritera omr\u00e5den som b\u00f6r hanteras gemensamt. UniDig ska fungera som l\u00e4ros\u00e4tenas r\u00f6st nationellt och internationellt i gemensamma e-infrastrukturfr\u00e5gor. Konsortiet ska ocks\u00e5 verka f\u00f6r att p\u00e5 sikt skapa en leveransorganisation som kan leverera gemensamma, [&hellip;]<\/p>\n","protected":false},"author":2,"featured_media":0,"parent":0,"menu_order":0,"comment_status":"closed","ping_status":"closed","template":"","meta":{"footnotes":""},"class_list":["post-34","page","type-page","status-publish","hentry"],"_links":{"self":[{"href":"https:\/\/unidig.se\/en\/wp-json\/wp\/v2\/pages\/34","targetHints":{"allow":["GET"]}}],"collection":[{"href":"https:\/\/unidig.se\/en\/wp-json\/wp\/v2\/pages"}],"about":[{"href":"https:\/\/unidig.se\/en\/wp-json\/wp\/v2\/types\/page"}],"author":[{"embeddable":true,"href":"https:\/\/unidig.se\/en\/wp-json\/wp\/v2\/users\/2"}],"replies":[{"embeddable":true,"href":"https:\/\/unidig.se\/en\/wp-json\/wp\/v2\/comments?post=34"}],"version-history":[{"count":3,"href":"https:\/\/unidig.se\/en\/wp-json\/wp\/v2\/pages\/34\/revisions"}],"predecessor-version":[{"id":2057,"href":"https:\/\/unidig.se\/en\/wp-json\/wp\/v2\/pages\/34\/revisions\/2057"}],"wp:attachment":[{"href":"https:\/\/unidig.se\/en\/wp-json\/wp\/v2\/media?parent=34"}],"curies":[{"name":"wp","href":"https:\/\/api.w.org\/{rel}","templated":true}]}}