{"id":2247,"date":"2026-05-06T11:58:44","date_gmt":"2026-05-06T11:58:44","guid":{"rendered":"https:\/\/unidig.se\/?page_id=2247"},"modified":"2026-05-06T13:40:33","modified_gmt":"2026-05-06T13:40:33","slug":"initiativ","status":"publish","type":"page","link":"https:\/\/unidig.se\/en\/initiativ\/","title":{"rendered":"Initiativ"},"content":{"rendered":"<h2 class=\"wp-block-heading\">P\u00e5g\u00e5ende initiativ<\/h2>\n\n\n\n<p>Examinationsadministration \u2013&nbsp;F\u00f6rstudie&nbsp;som&nbsp;ska resultera i en beskrivning av vad ett sektorsgemensamt system f\u00f6r examinationsadministration ska st\u00f6dja samt f\u00f6rslag p\u00e5 n\u00e4sta steg f\u00f6r utveckling eller upphandling av ett s\u00e5dant systemst\u00f6d.&nbsp;F\u00f6rstudien startas i maj 2026 och avslutas i oktober 2026.&nbsp;<\/p>\n\n\n\n<p>eduPrint&nbsp;&#8211;&nbsp;Gemensam upphandling av utskriftsl\u00f6sning.&nbsp;<\/p>\n\n\n\n<p>OpenAI&nbsp;\u2013 Arbete f\u00f6r att avropa gemensamma licenser f\u00f6r OpenAI.&nbsp;<\/p>\n\n\n\n<p>Licenshantering&nbsp;&#8211;&nbsp;UniDig etablerar en gemensam licenshanteringsfunktion\u200b&nbsp;f\u00f6r att ge:&nbsp;Skalf\u00f6rdelar och b\u00e4ttre villkor, effektivare hantering i sektorn&nbsp;samt \u00f6kad kompetens, r\u00e4ttss\u00e4kerhet och compliance.&nbsp;<\/p>\n\n\n\n<p>Korta kurser&nbsp;\u2013 Framtagandet av en plattform f\u00f6r att visa upp kursutbudet f\u00f6r korta kurser f\u00f6r yrkesverksamma.<\/p>\n\n\n\n<h2 class=\"wp-block-heading\">Avslutade initiativ <\/h2>\n\n\n\n<p>Microsoft CASA\u00a0&#8211;\u00a0Sektorsgemensamt avtal med Microsoft. Nytt avtal fr\u00e5n 1 maj 2026.\u00a0<\/p>","protected":false},"excerpt":{"rendered":"<p>P\u00e5g\u00e5ende initiativ Examinationsadministration \u2013&nbsp;F\u00f6rstudie&nbsp;som&nbsp;ska resultera i en beskrivning av vad ett sektorsgemensamt system f\u00f6r examinationsadministration ska st\u00f6dja samt f\u00f6rslag p\u00e5 n\u00e4sta steg f\u00f6r utveckling eller upphandling av ett s\u00e5dant systemst\u00f6d.&nbsp;F\u00f6rstudien startas i maj 2026 och avslutas i oktober 2026.&nbsp; eduPrint&nbsp;&#8211;&nbsp;Gemensam upphandling av utskriftsl\u00f6sning.&nbsp; OpenAI&nbsp;\u2013 Arbete f\u00f6r att avropa gemensamma licenser f\u00f6r OpenAI.&nbsp; Licenshantering&nbsp;&#8211;&nbsp;UniDig etablerar en [&hellip;]<\/p>\n","protected":false},"author":2,"featured_media":0,"parent":0,"menu_order":0,"comment_status":"closed","ping_status":"closed","template":"page-background","meta":{"footnotes":""},"class_list":["post-2247","page","type-page","status-publish","hentry"],"_links":{"self":[{"href":"https:\/\/unidig.se\/en\/wp-json\/wp\/v2\/pages\/2247","targetHints":{"allow":["GET"]}}],"collection":[{"href":"https:\/\/unidig.se\/en\/wp-json\/wp\/v2\/pages"}],"about":[{"href":"https:\/\/unidig.se\/en\/wp-json\/wp\/v2\/types\/page"}],"author":[{"embeddable":true,"href":"https:\/\/unidig.se\/en\/wp-json\/wp\/v2\/users\/2"}],"replies":[{"embeddable":true,"href":"https:\/\/unidig.se\/en\/wp-json\/wp\/v2\/comments?post=2247"}],"version-history":[{"count":3,"href":"https:\/\/unidig.se\/en\/wp-json\/wp\/v2\/pages\/2247\/revisions"}],"predecessor-version":[{"id":2257,"href":"https:\/\/unidig.se\/en\/wp-json\/wp\/v2\/pages\/2247\/revisions\/2257"}],"wp:attachment":[{"href":"https:\/\/unidig.se\/en\/wp-json\/wp\/v2\/media?parent=2247"}],"curies":[{"name":"wp","href":"https:\/\/api.w.org\/{rel}","templated":true}]}}