{"id":2244,"date":"2026-05-06T13:59:43","date_gmt":"2026-05-06T13:59:43","guid":{"rendered":"https:\/\/unidig.se\/?page_id=2244"},"modified":"2026-05-06T13:59:43","modified_gmt":"2026-05-06T13:59:43","slug":"tjanster","status":"publish","type":"page","link":"https:\/\/unidig.se\/en\/tjanster\/","title":{"rendered":"Tj\u00e4nster"},"content":{"rendered":"<p>De tj\u00e4nster som just nu g\u00e5r att best\u00e4lla av UniDig finns nedan. Fler tj\u00e4nster kommer att tillkomma. Best\u00e4ll och st\u00e4ll g\u00e4rna fr\u00e5gor till oss om dem via\u00a0<a href=\"mailto:info@unidig.se\" target=\"_blank\" rel=\"noreferrer noopener\">info@unidig.se<\/a>.\u00a0<\/p>\n\n\n\n<h2 class=\"wp-block-heading\">Samarbetsplattform<\/h2>\n\n\n\n<p>F\u00e5 en gemensam samarbetsyta d\u00e4r ni kan chatta och dela filer och dokument \u2013 \u00e4ven n\u00e4r ni arbetar i olika organisationer. Tj\u00e4nsten bygger p\u00e5 en delad kanal i Teams, visas direkt i er vanliga Teamsvy och \u00e4r kostnadsfri.&nbsp;<\/p>\n\n\n\n<h2 class=\"wp-block-heading\">Analyser<\/h2>\n\n\n\n<p>F\u00e5 hj\u00e4lp med&nbsp;analyser av olika slag, tex&nbsp;genomlysning av l\u00e4ros\u00e4tets IT ur ett verksamhetsperspektiv. Vi tar betalt f\u00f6r nedlagd tid. Kontakta oss f\u00f6r mer information.<\/p>","protected":false},"excerpt":{"rendered":"<p>De tj\u00e4nster som just nu g\u00e5r att best\u00e4lla av UniDig finns nedan. Fler tj\u00e4nster kommer att tillkomma. Best\u00e4ll och st\u00e4ll g\u00e4rna fr\u00e5gor till oss om dem via\u00a0info@unidig.se.\u00a0 Samarbetsplattform F\u00e5 en gemensam samarbetsyta d\u00e4r ni kan chatta och dela filer och dokument \u2013 \u00e4ven n\u00e4r ni arbetar i olika organisationer. Tj\u00e4nsten bygger p\u00e5 en delad kanal [&hellip;]<\/p>\n","protected":false},"author":2,"featured_media":0,"parent":0,"menu_order":0,"comment_status":"closed","ping_status":"closed","template":"page-background","meta":{"footnotes":""},"class_list":["post-2244","page","type-page","status-publish","hentry"],"_links":{"self":[{"href":"https:\/\/unidig.se\/en\/wp-json\/wp\/v2\/pages\/2244","targetHints":{"allow":["GET"]}}],"collection":[{"href":"https:\/\/unidig.se\/en\/wp-json\/wp\/v2\/pages"}],"about":[{"href":"https:\/\/unidig.se\/en\/wp-json\/wp\/v2\/types\/page"}],"author":[{"embeddable":true,"href":"https:\/\/unidig.se\/en\/wp-json\/wp\/v2\/users\/2"}],"replies":[{"embeddable":true,"href":"https:\/\/unidig.se\/en\/wp-json\/wp\/v2\/comments?post=2244"}],"version-history":[{"count":4,"href":"https:\/\/unidig.se\/en\/wp-json\/wp\/v2\/pages\/2244\/revisions"}],"predecessor-version":[{"id":2262,"href":"https:\/\/unidig.se\/en\/wp-json\/wp\/v2\/pages\/2244\/revisions\/2262"}],"wp:attachment":[{"href":"https:\/\/unidig.se\/en\/wp-json\/wp\/v2\/media?parent=2244"}],"curies":[{"name":"wp","href":"https:\/\/api.w.org\/{rel}","templated":true}]}}